{"id":1964,"date":"2020-01-26T14:47:42","date_gmt":"2020-01-26T12:47:42","guid":{"rendered":"https:\/\/higlamping.com\/varaa-elamyksia\/"},"modified":"2022-03-21T20:12:16","modified_gmt":"2022-03-21T18:12:16","slug":"varaa-elamyksia","status":"publish","type":"page","link":"https:\/\/higlamping.com\/en\/varaa-elamyksia\/","title":{"rendered":"Varaa el\u00e4myksi\u00e4"},"content":{"rendered":"","protected":false},"excerpt":{"rendered":"","protected":false},"author":1,"featured_media":3575,"parent":0,"menu_order":0,"comment_status":"closed","ping_status":"closed","template":"","meta":{"site-sidebar-layout":"no-sidebar","site-content-layout":"page-builder","ast-site-content-layout":"default","site-content-style":"default","site-sidebar-style":"default","ast-global-header-display":"","ast-banner-title-visibility":"","ast-main-header-display":"","ast-hfb-above-header-display":"","ast-hfb-below-header-display":"","ast-hfb-mobile-header-display":"","site-post-title":"disabled","ast-breadcrumbs-content":"","ast-featured-img":"disabled","footer-sml-layout":"","ast-disable-related-posts":"","theme-transparent-header-meta":"default","adv-header-id-meta":"","stick-header-meta":"default","header-above-stick-meta":"","header-main-stick-meta":"","header-below-stick-meta":"","astra-migrate-meta-layouts":"default","ast-page-background-enabled":"default","ast-page-background-meta":{"desktop":{"background-color":"","background-image":"","background-repeat":"repeat","background-position":"center center","background-size":"auto","background-attachment":"scroll","background-type":"","background-media":"","overlay-type":"","overlay-color":"","overlay-opacity":"","overlay-gradient":""},"tablet":{"background-color":"","background-image":"","background-repeat":"repeat","background-position":"center center","background-size":"auto","background-attachment":"scroll","background-type":"","background-media":"","overlay-type":"","overlay-color":"","overlay-opacity":"","overlay-gradient":""},"mobile":{"background-color":"","background-image":"","background-repeat":"repeat","background-position":"center center","background-size":"auto","background-attachment":"scroll","background-type":"","background-media":"","overlay-type":"","overlay-color":"","overlay-opacity":"","overlay-gradient":""}},"ast-content-background-meta":{"desktop":{"background-color":"var(--ast-global-color-5)","background-image":"","background-repeat":"repeat","background-position":"center center","background-size":"auto","background-attachment":"scroll","background-type":"","background-media":"","overlay-type":"","overlay-color":"","overlay-opacity":"","overlay-gradient":""},"tablet":{"background-color":"var(--ast-global-color-5)","background-image":"","background-repeat":"repeat","background-position":"center center","background-size":"auto","background-attachment":"scroll","background-type":"","background-media":"","overlay-type":"","overlay-color":"","overlay-opacity":"","overlay-gradient":""},"mobile":{"background-color":"var(--ast-global-color-5)","background-image":"","background-repeat":"repeat","background-position":"center center","background-size":"auto","background-attachment":"scroll","background-type":"","background-media":"","overlay-type":"","overlay-color":"","overlay-opacity":"","overlay-gradient":""}},"footnotes":""},"class_list":["post-1964","page","type-page","status-publish","has-post-thumbnail","hentry"],"yoast_head":"<!-- This site is optimized with the Yoast SEO plugin v26.7 - https:\/\/yoast.com\/wordpress\/plugins\/seo\/ -->\n<title>Varaa el\u00e4myksi\u00e4 &#8212; Hidden Island &#8212; Laukanharjun tila<\/title>\n<meta name=\"description\" content=\"El\u00e4mysmajoitusta Saimaalla Savonlinnassa! Vuokrav\u00e4lineet ja varusteet omatoimisiin p\u00e4iv\u00e4retkiin. Maatilamatkailu It\u00e4-Suomi\" \/>\n<meta name=\"robots\" content=\"index, follow, max-snippet:-1, max-image-preview:large, max-video-preview:-1\" \/>\n<link rel=\"canonical\" href=\"https:\/\/higlamping.com\/en\/varaa-elamyksia\/\" \/>\n<meta property=\"og:locale\" content=\"en_US\" \/>\n<meta property=\"og:type\" content=\"article\" \/>\n<meta property=\"og:title\" content=\"Varaa el\u00e4myksi\u00e4 &#8212; Hidden Island &#8212; Laukanharjun tila\" \/>\n<meta property=\"og:description\" content=\"El\u00e4mysmajoitusta Saimaalla Savonlinnassa! Vuokrav\u00e4lineet ja varusteet omatoimisiin p\u00e4iv\u00e4retkiin. Maatilamatkailu It\u00e4-Suomi\" \/>\n<meta property=\"og:url\" content=\"https:\/\/higlamping.com\/en\/varaa-elamyksia\/\" \/>\n<meta property=\"og:site_name\" content=\"Hidden Island\" \/>\n<meta property=\"article:publisher\" content=\"https:\/\/www.facebook.com\/laukanharju\" \/>\n<meta property=\"article:modified_time\" content=\"2022-03-21T18:12:16+00:00\" \/>\n<meta property=\"og:image\" content=\"https:\/\/higlamping.com\/wp-content\/uploads\/Sauvakavely.jpg\" \/>\n\t<meta property=\"og:image:width\" content=\"591\" \/>\n\t<meta property=\"og:image:height\" content=\"354\" \/>\n\t<meta property=\"og:image:type\" content=\"image\/jpeg\" \/>\n<meta name=\"twitter:card\" content=\"summary_large_image\" \/>\n<script type=\"application\/ld+json\" class=\"yoast-schema-graph\">{\"@context\":\"https:\/\/schema.org\",\"@graph\":[{\"@type\":\"WebPage\",\"@id\":\"https:\/\/higlamping.com\/en\/varaa-elamyksia\/\",\"url\":\"https:\/\/higlamping.com\/en\/varaa-elamyksia\/\",\"name\":\"Varaa el\u00e4myksi\u00e4 &#8212; Hidden Island &#8212; Laukanharjun tila\",\"isPartOf\":{\"@id\":\"https:\/\/higlamping.com\/en\/#website\"},\"primaryImageOfPage\":{\"@id\":\"https:\/\/higlamping.com\/en\/varaa-elamyksia\/#primaryimage\"},\"image\":{\"@id\":\"https:\/\/higlamping.com\/en\/varaa-elamyksia\/#primaryimage\"},\"thumbnailUrl\":\"https:\/\/higlamping.com\/wp-content\/uploads\/Sauvakavely.jpg\",\"datePublished\":\"2020-01-26T12:47:42+00:00\",\"dateModified\":\"2022-03-21T18:12:16+00:00\",\"description\":\"El\u00e4mysmajoitusta Saimaalla Savonlinnassa! Vuokrav\u00e4lineet ja varusteet omatoimisiin p\u00e4iv\u00e4retkiin. Maatilamatkailu It\u00e4-Suomi\",\"breadcrumb\":{\"@id\":\"https:\/\/higlamping.com\/en\/varaa-elamyksia\/#breadcrumb\"},\"inLanguage\":\"en-US\",\"potentialAction\":[{\"@type\":\"ReadAction\",\"target\":[\"https:\/\/higlamping.com\/en\/varaa-elamyksia\/\"]}]},{\"@type\":\"ImageObject\",\"inLanguage\":\"en-US\",\"@id\":\"https:\/\/higlamping.com\/en\/varaa-elamyksia\/#primaryimage\",\"url\":\"https:\/\/higlamping.com\/wp-content\/uploads\/Sauvakavely.jpg\",\"contentUrl\":\"https:\/\/higlamping.com\/wp-content\/uploads\/Sauvakavely.jpg\",\"width\":591,\"height\":354},{\"@type\":\"BreadcrumbList\",\"@id\":\"https:\/\/higlamping.com\/en\/varaa-elamyksia\/#breadcrumb\",\"itemListElement\":[{\"@type\":\"ListItem\",\"position\":1,\"name\":\"Home\",\"item\":\"https:\/\/higlamping.com\/en\/glamping\/\"},{\"@type\":\"ListItem\",\"position\":2,\"name\":\"Varaa el\u00e4myksi\u00e4\"}]},{\"@type\":\"WebSite\",\"@id\":\"https:\/\/higlamping.com\/en\/#website\",\"url\":\"https:\/\/higlamping.com\/en\/\",\"name\":\"Hidden Island\",\"description\":\"Glamping Finland\",\"publisher\":{\"@id\":\"https:\/\/higlamping.com\/en\/#organization\"},\"potentialAction\":[{\"@type\":\"SearchAction\",\"target\":{\"@type\":\"EntryPoint\",\"urlTemplate\":\"https:\/\/higlamping.com\/en\/?s={search_term_string}\"},\"query-input\":{\"@type\":\"PropertyValueSpecification\",\"valueRequired\":true,\"valueName\":\"search_term_string\"}}],\"inLanguage\":\"en-US\"},{\"@type\":\"Organization\",\"@id\":\"https:\/\/higlamping.com\/en\/#organization\",\"name\":\"Laukanharju Oy\",\"url\":\"https:\/\/higlamping.com\/en\/\",\"logo\":{\"@type\":\"ImageObject\",\"inLanguage\":\"en-US\",\"@id\":\"https:\/\/higlamping.com\/en\/#\/schema\/logo\/image\/\",\"url\":\"\",\"contentUrl\":\"\",\"caption\":\"Laukanharju Oy\"},\"image\":{\"@id\":\"https:\/\/higlamping.com\/en\/#\/schema\/logo\/image\/\"},\"sameAs\":[\"https:\/\/www.facebook.com\/laukanharju\",\"https:\/\/www.instagram.com\/laukanharju\/\"]}]}<\/script>\n<!-- \/ Yoast SEO plugin. -->","yoast_head_json":{"title":"Varaa el\u00e4myksi\u00e4 &#8212; Hidden Island &#8212; Laukanharjun tila","description":"El\u00e4mysmajoitusta Saimaalla Savonlinnassa! Vuokrav\u00e4lineet ja varusteet omatoimisiin p\u00e4iv\u00e4retkiin. Maatilamatkailu It\u00e4-Suomi","robots":{"index":"index","follow":"follow","max-snippet":"max-snippet:-1","max-image-preview":"max-image-preview:large","max-video-preview":"max-video-preview:-1"},"canonical":"https:\/\/higlamping.com\/en\/varaa-elamyksia\/","og_locale":"en_US","og_type":"article","og_title":"Varaa el\u00e4myksi\u00e4 &#8212; Hidden Island &#8212; Laukanharjun tila","og_description":"El\u00e4mysmajoitusta Saimaalla Savonlinnassa! Vuokrav\u00e4lineet ja varusteet omatoimisiin p\u00e4iv\u00e4retkiin. Maatilamatkailu It\u00e4-Suomi","og_url":"https:\/\/higlamping.com\/en\/varaa-elamyksia\/","og_site_name":"Hidden Island","article_publisher":"https:\/\/www.facebook.com\/laukanharju","article_modified_time":"2022-03-21T18:12:16+00:00","og_image":[{"width":591,"height":354,"url":"https:\/\/higlamping.com\/wp-content\/uploads\/Sauvakavely.jpg","type":"image\/jpeg"}],"twitter_card":"summary_large_image","schema":{"@context":"https:\/\/schema.org","@graph":[{"@type":"WebPage","@id":"https:\/\/higlamping.com\/en\/varaa-elamyksia\/","url":"https:\/\/higlamping.com\/en\/varaa-elamyksia\/","name":"Varaa el\u00e4myksi\u00e4 &#8212; Hidden Island &#8212; Laukanharjun tila","isPartOf":{"@id":"https:\/\/higlamping.com\/en\/#website"},"primaryImageOfPage":{"@id":"https:\/\/higlamping.com\/en\/varaa-elamyksia\/#primaryimage"},"image":{"@id":"https:\/\/higlamping.com\/en\/varaa-elamyksia\/#primaryimage"},"thumbnailUrl":"https:\/\/higlamping.com\/wp-content\/uploads\/Sauvakavely.jpg","datePublished":"2020-01-26T12:47:42+00:00","dateModified":"2022-03-21T18:12:16+00:00","description":"El\u00e4mysmajoitusta Saimaalla Savonlinnassa! Vuokrav\u00e4lineet ja varusteet omatoimisiin p\u00e4iv\u00e4retkiin. Maatilamatkailu It\u00e4-Suomi","breadcrumb":{"@id":"https:\/\/higlamping.com\/en\/varaa-elamyksia\/#breadcrumb"},"inLanguage":"en-US","potentialAction":[{"@type":"ReadAction","target":["https:\/\/higlamping.com\/en\/varaa-elamyksia\/"]}]},{"@type":"ImageObject","inLanguage":"en-US","@id":"https:\/\/higlamping.com\/en\/varaa-elamyksia\/#primaryimage","url":"https:\/\/higlamping.com\/wp-content\/uploads\/Sauvakavely.jpg","contentUrl":"https:\/\/higlamping.com\/wp-content\/uploads\/Sauvakavely.jpg","width":591,"height":354},{"@type":"BreadcrumbList","@id":"https:\/\/higlamping.com\/en\/varaa-elamyksia\/#breadcrumb","itemListElement":[{"@type":"ListItem","position":1,"name":"Home","item":"https:\/\/higlamping.com\/en\/glamping\/"},{"@type":"ListItem","position":2,"name":"Varaa el\u00e4myksi\u00e4"}]},{"@type":"WebSite","@id":"https:\/\/higlamping.com\/en\/#website","url":"https:\/\/higlamping.com\/en\/","name":"Hidden Island","description":"Glamping Finland","publisher":{"@id":"https:\/\/higlamping.com\/en\/#organization"},"potentialAction":[{"@type":"SearchAction","target":{"@type":"EntryPoint","urlTemplate":"https:\/\/higlamping.com\/en\/?s={search_term_string}"},"query-input":{"@type":"PropertyValueSpecification","valueRequired":true,"valueName":"search_term_string"}}],"inLanguage":"en-US"},{"@type":"Organization","@id":"https:\/\/higlamping.com\/en\/#organization","name":"Laukanharju Oy","url":"https:\/\/higlamping.com\/en\/","logo":{"@type":"ImageObject","inLanguage":"en-US","@id":"https:\/\/higlamping.com\/en\/#\/schema\/logo\/image\/","url":"","contentUrl":"","caption":"Laukanharju Oy"},"image":{"@id":"https:\/\/higlamping.com\/en\/#\/schema\/logo\/image\/"},"sameAs":["https:\/\/www.facebook.com\/laukanharju","https:\/\/www.instagram.com\/laukanharju\/"]}]}},"_links":{"self":[{"href":"https:\/\/higlamping.com\/en\/wp-json\/wp\/v2\/pages\/1964","targetHints":{"allow":["GET"]}}],"collection":[{"href":"https:\/\/higlamping.com\/en\/wp-json\/wp\/v2\/pages"}],"about":[{"href":"https:\/\/higlamping.com\/en\/wp-json\/wp\/v2\/types\/page"}],"author":[{"embeddable":true,"href":"https:\/\/higlamping.com\/en\/wp-json\/wp\/v2\/users\/1"}],"replies":[{"embeddable":true,"href":"https:\/\/higlamping.com\/en\/wp-json\/wp\/v2\/comments?post=1964"}],"version-history":[{"count":0,"href":"https:\/\/higlamping.com\/en\/wp-json\/wp\/v2\/pages\/1964\/revisions"}],"wp:featuredmedia":[{"embeddable":true,"href":"https:\/\/higlamping.com\/en\/wp-json\/wp\/v2\/media\/3575"}],"wp:attachment":[{"href":"https:\/\/higlamping.com\/en\/wp-json\/wp\/v2\/media?parent=1964"}],"curies":[{"name":"wp","href":"https:\/\/api.w.org\/{rel}","templated":true}]}}